{"id":337,"date":"2023-10-30T14:47:24","date_gmt":"2023-10-30T07:47:24","guid":{"rendered":"http:\/\/reddeer.giaiphapuuviet.vn\/?page_id=337"},"modified":"2026-04-09T13:28:25","modified_gmt":"2026-04-09T06:28:25","slug":"home","status":"publish","type":"page","link":"https:\/\/reddeer.vn\/en\/","title":{"rendered":"Home"},"content":{"rendered":"<section class=\"wpb-content-wrapper\"><p>[vc_row full_width=&#8221;stretch_row_content_no_spaces&#8221; el_class=&#8221;hidden-dots&#8221;][vc_column]<div class=\"slider-carousel\">\n\t <div class=\"owl-carousel owl-theme style-carousel-1\">\n    \t<article class=\"slide-item\">\n<div class=\"image-box\"><img width=\"2560\" height=\"1190\" src=\"https:\/\/reddeer.vn\/wp-content\/uploads\/2025\/01\/Silde111-scaled.jpg\" class=\"attachment-full size-full\" alt=\"\" decoding=\"async\" loading=\"lazy\" srcset=\"https:\/\/reddeer.vn\/wp-content\/uploads\/2025\/01\/Silde111-scaled.jpg 2560w, https:\/\/reddeer.vn\/wp-content\/uploads\/2025\/01\/Silde111-300x140.jpg 300w, https:\/\/reddeer.vn\/wp-content\/uploads\/2025\/01\/Silde111-1024x476.jpg 1024w, https:\/\/reddeer.vn\/wp-content\/uploads\/2025\/01\/Silde111-768x357.jpg 768w, https:\/\/reddeer.vn\/wp-content\/uploads\/2025\/01\/Silde111-1536x714.jpg 1536w, https:\/\/reddeer.vn\/wp-content\/uploads\/2025\/01\/Silde111-2048x952.jpg 2048w\" sizes=\"(max-width: 2560px) 100vw, 2560px\" \/><\/div>\n\t\t<div class=\"slider-box\">\n\t\t<div class=\"container\">\n\t\t\t<div class=\"d-flex align-items-end\">\n\t\t\t\t\t<div class=\"slider-box-inner\">\n\t\t\t\t\t\t<h3 class=\"title\"><\/h3>\n<h3 class=\"sub_title\">INNOVATIVE SOLUTIONS: STEEL STRUCTURES, BINS\/HOPPERS & MECHANICAL COMPONENTS \u2013 AT FIRST SIGHT<\/h3><\/article>\n \t<article class=\"slide-item\">\n<div class=\"image-box\"><img width=\"2560\" height=\"1190\" src=\"https:\/\/reddeer.vn\/wp-content\/uploads\/2025\/01\/Silde2222-scaled.jpg\" class=\"attachment-full size-full\" alt=\"\" decoding=\"async\" loading=\"lazy\" srcset=\"https:\/\/reddeer.vn\/wp-content\/uploads\/2025\/01\/Silde2222-scaled.jpg 2560w, https:\/\/reddeer.vn\/wp-content\/uploads\/2025\/01\/Silde2222-300x140.jpg 300w, https:\/\/reddeer.vn\/wp-content\/uploads\/2025\/01\/Silde2222-1024x476.jpg 1024w, https:\/\/reddeer.vn\/wp-content\/uploads\/2025\/01\/Silde2222-768x357.jpg 768w, https:\/\/reddeer.vn\/wp-content\/uploads\/2025\/01\/Silde2222-1536x714.jpg 1536w, https:\/\/reddeer.vn\/wp-content\/uploads\/2025\/01\/Silde2222-2048x952.jpg 2048w\" sizes=\"(max-width: 2560px) 100vw, 2560px\" \/><\/div>\n\t\t<div class=\"slider-box\">\n\t\t<div class=\"container\">\n\t\t\t<div class=\"d-flex align-items-end\">\n\t\t\t\t\t<div class=\"slider-box-inner\">\n\t\t\t\t\t\t<h3 class=\"title\"><\/h3>\n<h3 class=\"sub_title\">INNOVATIVE SOLUTIONS: STEEL STRUCTURES, BINS\/HOPPERS & MECHANICAL COMPONENTS \u2013 AT FIRST SIGHT<\/h3><\/article>\n \t\t <\/div>\n    <\/div>\n[\/vc_column][\/vc_row][vc_row css=&#8221;.vc_custom_1695221876746{padding-top: 3vh !important;padding-bottom: 3vh !important;}&#8221;][vc_column][vc_empty_space height=&#8221;35px&#8221;][vc_custom_heading text=&#8221;Red Deer Co., LTD.&#8221; font_container=&#8221;tag:h2|text_align:left|color:%230f74b2&#8243; use_theme_fonts=&#8221;yes&#8221;][vc_empty_space height=&#8221;15px&#8221;][vc_row_inner][vc_column_inner width=&#8221;1\/2&#8243;][vc_column_text el_class=&#8221;text-justify&#8221;]Our company has a long, robust history which began in 1993 when our founder decided to name his small mechanical workshop Red Deer. Since then, we&#8217;ve always retained our founders&#8217; spirit, grit, innovation and perseverance.<\/p>\n<p>Over the years, we joined and cooperated with other companies, each with their own history, strengths and character. We&#8217;ve grown from a local small mechanical workshop to one of major companies in Vietnam. Red Deer subsidiaries conduct business in Vietnam and other Asian regions. Throughout, we&#8217;ve retained our fundamental purpose: to provide the best products as well as excellent customer care.[\/vc_column_text][\/vc_column_inner][vc_column_inner width=&#8221;1\/2&#8243;][vc_single_image image=&#8221;654&#8243; img_size=&#8221;full&#8221; alignment=&#8221;center&#8221;][\/vc_column_inner][\/vc_row_inner][\/vc_column][\/vc_row][vc_row full_width=&#8221;stretch_row&#8221; css=&#8221;.vc_custom_1695222173574{background-color: #f9f9f9 !important;}&#8221;][vc_column][vc_empty_space height=&#8221;3vh&#8221;][vc_custom_heading text=&#8221;Main products&#8221; font_container=&#8221;tag:h2|text_align:left|color:%230f74b2&#8243; use_theme_fonts=&#8221;yes&#8221;][vc_empty_space height=&#8221;15px&#8221;]<div class=\"project-carousel\">\n\t<div class=\"mx-sm-n2\">\n\t <div class=\"owl-carousel owl-theme style-carousel-4\">\n    \t\t <div class=\"px-sm-2\">\n\t<article class=\"slide-item\">\n\t\t<div class=\"sanpham-item\">\n\t\t<div class=\"sanpham-items-inner\">\n\t\t\t<div class=\"sanpham-thumb\">\n\t\t\t\t<a href=\"\/en\/steel-structure\/\">\n\t\t\t\t\t<img width=\"2202\" height=\"1361\" src=\"https:\/\/reddeer.vn\/wp-content\/uploads\/2023\/09\/icon_steel.png\" class=\"attachment-full size-full\" alt=\"\" decoding=\"async\" loading=\"lazy\" srcset=\"https:\/\/reddeer.vn\/wp-content\/uploads\/2023\/09\/icon_steel.png 2202w, https:\/\/reddeer.vn\/wp-content\/uploads\/2023\/09\/icon_steel-300x185.png 300w, https:\/\/reddeer.vn\/wp-content\/uploads\/2023\/09\/icon_steel-1024x633.png 1024w, https:\/\/reddeer.vn\/wp-content\/uploads\/2023\/09\/icon_steel-768x475.png 768w, https:\/\/reddeer.vn\/wp-content\/uploads\/2023\/09\/icon_steel-1536x949.png 1536w, https:\/\/reddeer.vn\/wp-content\/uploads\/2023\/09\/icon_steel-2048x1266.png 2048w\" sizes=\"(max-width: 2202px) 100vw, 2202px\" \/>\t\t\t\t<\/a>\n\t\t\t<\/div>\n\t\t\t<div class=\"sanpham-content\">\n\t\t\t\t<h5 class=\"title\"><a href=\"\/en\/steel-structure\/\">Steel Structures<\/a><\/h5>\n\t\t\t\t<a href=\"\/en\/steel-structure\/\" class=\"view-more-btn\"><i class=\"lnr lnr-arrow-right\"><\/i><\/a>\n\t\t\t<\/div>\n\t\t<\/div>\n\t<\/div>\n<\/article>\n\t\t\t <\/div>\n \t\t <div class=\"px-sm-2\">\n\t<article class=\"slide-item\">\n\t\t<div class=\"sanpham-item\">\n\t\t<div class=\"sanpham-items-inner\">\n\t\t\t<div class=\"sanpham-thumb\">\n\t\t\t\t<a href=\"\/en\/bin-hoppers-silos-accessories\/#bin\">\n\t\t\t\t\t<img width=\"2202\" height=\"1361\" src=\"https:\/\/reddeer.vn\/wp-content\/uploads\/2023\/09\/icon_bin.png\" class=\"attachment-full size-full\" alt=\"\" decoding=\"async\" loading=\"lazy\" srcset=\"https:\/\/reddeer.vn\/wp-content\/uploads\/2023\/09\/icon_bin.png 2202w, https:\/\/reddeer.vn\/wp-content\/uploads\/2023\/09\/icon_bin-300x185.png 300w, https:\/\/reddeer.vn\/wp-content\/uploads\/2023\/09\/icon_bin-1024x633.png 1024w, https:\/\/reddeer.vn\/wp-content\/uploads\/2023\/09\/icon_bin-768x475.png 768w, https:\/\/reddeer.vn\/wp-content\/uploads\/2023\/09\/icon_bin-1536x949.png 1536w, https:\/\/reddeer.vn\/wp-content\/uploads\/2023\/09\/icon_bin-2048x1266.png 2048w\" sizes=\"(max-width: 2202px) 100vw, 2202px\" \/>\t\t\t\t<\/a>\n\t\t\t<\/div>\n\t\t\t<div class=\"sanpham-content\">\n\t\t\t\t<h5 class=\"title\"><a href=\"\/en\/bin-hoppers-silos-accessories\/#bin\">Bin \/ Hoppers<\/a><\/h5>\n\t\t\t\t<a href=\"\/en\/bin-hoppers-silos-accessories\/#bin\" class=\"view-more-btn\"><i class=\"lnr lnr-arrow-right\"><\/i><\/a>\n\t\t\t<\/div>\n\t\t<\/div>\n\t<\/div>\n<\/article>\n\t\t\t <\/div>\n \t\t <div class=\"px-sm-2\">\n\t<article class=\"slide-item\">\n\t\t<div class=\"sanpham-item\">\n\t\t<div class=\"sanpham-items-inner\">\n\t\t\t<div class=\"sanpham-thumb\">\n\t\t\t\t<a href=\"\/en\/bin-hoppers-silos-accessories\/#silos\">\n\t\t\t\t\t<img width=\"528\" height=\"326\" src=\"https:\/\/reddeer.vn\/wp-content\/uploads\/2023\/09\/Double-wall-type.png\" class=\"attachment-full size-full\" alt=\"\" decoding=\"async\" loading=\"lazy\" srcset=\"https:\/\/reddeer.vn\/wp-content\/uploads\/2023\/09\/Double-wall-type.png 528w, https:\/\/reddeer.vn\/wp-content\/uploads\/2023\/09\/Double-wall-type-300x185.png 300w\" sizes=\"(max-width: 528px) 100vw, 528px\" \/>\t\t\t\t<\/a>\n\t\t\t<\/div>\n\t\t\t<div class=\"sanpham-content\">\n\t\t\t\t<h5 class=\"title\"><a href=\"\/en\/bin-hoppers-silos-accessories\/#silos\">Silos<\/a><\/h5>\n\t\t\t\t<a href=\"\/en\/bin-hoppers-silos-accessories\/#silos\" class=\"view-more-btn\"><i class=\"lnr lnr-arrow-right\"><\/i><\/a>\n\t\t\t<\/div>\n\t\t<\/div>\n\t<\/div>\n<\/article>\n\t\t\t <\/div>\n \t\t <div class=\"px-sm-2\">\n\t<article class=\"slide-item\">\n\t\t<div class=\"sanpham-item\">\n\t\t<div class=\"sanpham-items-inner\">\n\t\t\t<div class=\"sanpham-thumb\">\n\t\t\t\t<a href=\"\/en\/bin-hoppers-silos-accessories\/#accessories\">\n\t\t\t\t\t<img width=\"2202\" height=\"1361\" src=\"https:\/\/reddeer.vn\/wp-content\/uploads\/2024\/12\/icon_phukien.png\" class=\"attachment-full size-full\" alt=\"\" decoding=\"async\" loading=\"lazy\" srcset=\"https:\/\/reddeer.vn\/wp-content\/uploads\/2024\/12\/icon_phukien.png 2202w, https:\/\/reddeer.vn\/wp-content\/uploads\/2024\/12\/icon_phukien-300x185.png 300w, https:\/\/reddeer.vn\/wp-content\/uploads\/2024\/12\/icon_phukien-1024x633.png 1024w, https:\/\/reddeer.vn\/wp-content\/uploads\/2024\/12\/icon_phukien-768x475.png 768w, https:\/\/reddeer.vn\/wp-content\/uploads\/2024\/12\/icon_phukien-1536x949.png 1536w, https:\/\/reddeer.vn\/wp-content\/uploads\/2024\/12\/icon_phukien-2048x1266.png 2048w\" sizes=\"(max-width: 2202px) 100vw, 2202px\" \/>\t\t\t\t<\/a>\n\t\t\t<\/div>\n\t\t\t<div class=\"sanpham-content\">\n\t\t\t\t<h5 class=\"title\"><a href=\"\/en\/bin-hoppers-silos-accessories\/#accessories\">Accessories<\/a><\/h5>\n\t\t\t\t<a href=\"\/en\/bin-hoppers-silos-accessories\/#accessories\" class=\"view-more-btn\"><i class=\"lnr lnr-arrow-right\"><\/i><\/a>\n\t\t\t<\/div>\n\t\t<\/div>\n\t<\/div>\n<\/article>\n\t\t\t <\/div>\n \t\t <\/div>\n\t\t<\/div>\n    <\/div>\n[vc_empty_space height=&#8221;3vh&#8221;][\/vc_column][\/vc_row][vc_row css=&#8221;.vc_custom_1695222356570{padding-top: 3vh !important;padding-bottom: 3vh !important;}&#8221;][vc_column width=&#8221;1\/2&#8243;][vc_single_image image=&#8221;639&#8243; img_size=&#8221;full&#8221; alignment=&#8221;center&#8221;][\/vc_column][vc_column width=&#8221;1\/2&#8243;][vc_custom_heading text=&#8221;Underpinned by a portfolio of high quality guarantee, Red Deer seeks to deliver long-term value to customers.&#8221; font_container=&#8221;tag:h6|text_align:left&#8221; use_theme_fonts=&#8221;yes&#8221;][vc_empty_space height=&#8221;15px&#8221;][vc_column_text]Red Deer\u2019s foundations are based on safe, products\u2019 high quality, sustainable operations and working together with our customers, governments and business partners. [\/vc_column_text]<div class=\"south-button \"> <a href=\"https:\/\/demo.reddeer.vn\/en\/contact\/\" class=\"octf-btn octf-btn-dark\">Contact consulting<\/a><\/div>\n[\/vc_column][\/vc_row][vc_row full_width=&#8221;stretch_row&#8221; css=&#8221;.vc_custom_1695225122980{padding-top: 3vh !important;padding-bottom: 3vh !important;background-color: #f9f9f9 !important;}&#8221;][vc_column][vc_empty_space height=&#8221;1vh&#8221;][vc_custom_heading text=&#8221;News&#8221; font_container=&#8221;tag:h2|text_align:left|color:%230f74b2&#8243; use_theme_fonts=&#8221;yes&#8221;][vc_empty_space height=&#8221;15px&#8221;]<div class=\"news-grid\">\n    <div class=\"row big-row\">\n               <div class=\"col-lg-6\">\n\t\t\t\t\t\t<div class=\"news--grid--item featured\">\n\t\t\t\t\t\t\t<a href=\"https:\/\/reddeer.vn\/en\/green-materials-the-first-step-in-creating-green-buildings\/\" title=\"&#8220;Green&#8221; materials The first step in creating green buildings\">\n\t\t\t\t\t\t<div class=\"news--grid--item--thumb\">\n\t\t\t\t\t\t<img width=\"1400\" height=\"700\" src=\"https:\/\/reddeer.vn\/wp-content\/uploads\/2023\/09\/lotte-lieu-giai.jpg\" class=\"attachment-post-thumbnail size-post-thumbnail wp-post-image\" alt=\"\" decoding=\"async\" srcset=\"https:\/\/reddeer.vn\/wp-content\/uploads\/2023\/09\/lotte-lieu-giai.jpg 1400w, https:\/\/reddeer.vn\/wp-content\/uploads\/2023\/09\/lotte-lieu-giai-300x150.jpg 300w, https:\/\/reddeer.vn\/wp-content\/uploads\/2023\/09\/lotte-lieu-giai-1024x512.jpg 1024w, https:\/\/reddeer.vn\/wp-content\/uploads\/2023\/09\/lotte-lieu-giai-768x384.jpg 768w\" sizes=\"(max-width: 1400px) 100vw, 1400px\" \/>\t\t\t\t\t\t<\/div>\n\t\t\t\t\t\t\t<div class=\"news--grid--item--content py-2\">\n\t\t\t\t\t\t\t\t<h4 class=\"title strong\">&#8220;Green&#8221; materials The first step in creating green buildings<\/h4>\n\t\t\t\t\t\t\t\t<div class=\"excerpt\">\n\t\t\t\t\t\t\t\t\t\u0110\u00f3 l\u00e0 l\u00ed do \u201cc\u00f4ng tr\u00ecnh xanh\u201d \u0111ang d\u1ea7n tr\u1edf th\u00e0nh xu h\u01b0\u1edbng \u0111\u01b0\u1ee3c quan t\u00e2m nh\u1ea5t hi\u1ec7n nay, \u1edf c\u1ea3 ph\u00eda Ch\u00ednh ph\u1ee7, ch\u1ee7 \u0111\u1ea7u t\u01b0 c\u0169ng nh\u01b0 kh\u00e1ch h\u00e0ng cu\u1ed1i c\u00f9ng. Trong \u0111\u00f3, y\u1ebfu t\u1ed1 g\u00f3p ph\u1ea7n kh\u00f4ng nh\u1ecf c\u1ea5u th\u00e0nh n\u00ean \u201cc\u00f4ng tr\u00ecnh xanh\u201d ph\u1ea3i k\u1ec3 \u0111\u1ebfn c\u00e1c lo\u1ea1i v\u1eadt li\u1ec7u \u201cxanh\u201d,\t\t\t\t\t\t\t\t<\/div>\n\t\t\t\t\t\t\t<\/div>\n\t\t\t\t\t\t\t<\/a>\n\t\t\t\t\t\t\t<\/div>\n<\/div>\n<div class=\"col-lg-6\">\n\t\t\t\t\t\t    \t\t<div class=\"listing--blog--item\">\n\t\t\t<a href=\"https:\/\/reddeer.vn\/en\/our-capabilities-are-an-immutable-commitment\/\" title=\"Our capabilities are an immutable commitment\">\n\t\t\t<div class=\"row row-small\">\n\t\t\t\t<div class=\"col-4 col-lg-4 col-xl-5\">\n\t\t\t\t\t<div class=\"thumbnail\">\n\t\t\t\t<img width=\"300\" height=\"179\" src=\"https:\/\/reddeer.vn\/wp-content\/uploads\/2023\/09\/hong-duong-cam-ket-300x179.jpg\" class=\"attachment-medium size-medium wp-post-image\" alt=\"\" decoding=\"async\" srcset=\"https:\/\/reddeer.vn\/wp-content\/uploads\/2023\/09\/hong-duong-cam-ket-300x179.jpg 300w, https:\/\/reddeer.vn\/wp-content\/uploads\/2023\/09\/hong-duong-cam-ket.jpg 555w\" sizes=\"(max-width: 300px) 100vw, 300px\" \/>\t\t\t<\/div>\n\t\t\t\t<\/div>\n\t\t\t\t<div class=\"col-8 col-lg-8 col-xl-7\">\n\t\t\t\t\t<div class=\"content\">\n\t\t\t\t<h6 class=\"title\">Our capabilities are an immutable commitment<\/h6>\n\t\t\t\t<div class=\"post-meta is-small op-8\"><i class=\"lnr lnr-calendar-full\"><\/i> 20\/09\/23<\/div>\n\t\t\t<div class=\"excerpt\">\n\t\t\t\t\t\t\t\t\tCh\u00fang t\u00f4i \u0111\u00e3 c\u00f3 m\u1ed9t kho\u1ea3ng th\u1eddi gian d\u00e0i th\u00e0nh c\u00f4ng m\u1ef9 m\u00e3n trong vi\u1ec7c cung c\u1ea5p c\u00e1c d\u1ef1 \u00e1n. \u0110\u00f3 ch\u00ednh l\u00e0 gi\u00e1 tr\u1ecb c\u1ed1t l\u00f5i t\u1ea1o n\u00ean H\u1ed3ng D\u01b0\u01a1ng ng\u00e0y h\u00f4m nay. N\u1ec1n t\u1ea3ng \u0111\u1ec3 H\u1ed3ng D\u01b0\u01a1ng ph\u00e1t tri\u1ec3n \u0111\u1ebfn ng\u00e0y h\u00f4m nay l\u00e0 d\u1ef1a tr\u00ean s\u1ef1 an to\u00e0n trong lao \u0111\u1ed9ng, s\u1ea3n\t\t\t\t\t\t\t\t<\/div>\n\t\t\t<\/div>\n\t\t\t\t<\/div>\n\t\t\t<\/div><\/a>\n\t\t\t\t\t\t\t<\/div>\n    \t\t<div class=\"listing--blog--item\">\n\t\t\t<a href=\"https:\/\/reddeer.vn\/en\/the-swedish-corporation-opens-the-first-robotics-technical\/\" title=\"The Swedish corporation opens the first Robotics Technical and Service Center in Vietnam\">\n\t\t\t<div class=\"row row-small\">\n\t\t\t\t<div class=\"col-4 col-lg-4 col-xl-5\">\n\t\t\t\t\t<div class=\"thumbnail\">\n\t\t\t\t<img width=\"300\" height=\"179\" src=\"https:\/\/reddeer.vn\/wp-content\/uploads\/2023\/10\/10hong-duong-thanh-cong-trong-viec-xay-dung-nha-de-may-bay-300x179.jpg\" class=\"attachment-medium size-medium wp-post-image\" alt=\"\" decoding=\"async\" srcset=\"https:\/\/reddeer.vn\/wp-content\/uploads\/2023\/10\/10hong-duong-thanh-cong-trong-viec-xay-dung-nha-de-may-bay-300x179.jpg 300w, https:\/\/reddeer.vn\/wp-content\/uploads\/2023\/10\/10hong-duong-thanh-cong-trong-viec-xay-dung-nha-de-may-bay.jpg 555w\" sizes=\"(max-width: 300px) 100vw, 300px\" \/>\t\t\t<\/div>\n\t\t\t\t<\/div>\n\t\t\t\t<div class=\"col-8 col-lg-8 col-xl-7\">\n\t\t\t\t\t<div class=\"content\">\n\t\t\t\t<h6 class=\"title\">The Swedish corporation opens the first Robotics Technical and Service Center in Vietnam<\/h6>\n\t\t\t\t<div class=\"post-meta is-small op-8\"><i class=\"lnr lnr-calendar-full\"><\/i> 20\/09\/23<\/div>\n\t\t\t<div class=\"excerpt\">\n\t\t\t\t\t\t\t\t\tTrung t\u00e2m K\u1ef9 thu\u1eadt v\u00e0 D\u1ecbch v\u1ee5 Robot s\u1ebd gi\u00fap ABB ph\u1ee5c v\u1ee5 t\u1ed1t h\u01a1n cho nh\u1eefng kh\u00e1ch h\u00e0ng nh\u01b0 Vinfast c\u0169ng nh\u01b0 n\u1eafm b\u1eaft c\u01a1 h\u1ed9i t\u1eeb s\u1ef1 ph\u00e1t tri\u1ec3n m\u1ea1nh c\u1ee7a kinh t\u1ebf Vi\u1ec7t Nam. N\u1eb1m trong khu\u00f4n vi\u00ean tr\u01b0\u1eddng Cao \u0111\u1eb3ng ngh\u1ec1 Viglacera t\u1ea1i Khu C\u00f4ng nghi\u1ec7p Y\u00ean Phong, B\u1eafc Ninh, \u0111\u00e2y\t\t\t\t\t\t\t\t<\/div>\n\t\t\t<\/div>\n\t\t\t\t<\/div>\n\t\t\t<\/div><\/a>\n\t\t\t\t\t\t\t<\/div>\n<\/div>\n        <\/div>\n    <\/div>\n[vc_empty_space height=&#8221;3vh&#8221;][\/vc_column][\/vc_row][vc_row equal_height=&#8221;yes&#8221; el_class=&#8221;hidden-dots hidden-nav&#8221; css=&#8221;.vc_custom_1697786564635{margin-top: -35px !important;}&#8221;][vc_column width=&#8221;2\/12&#8243; el_class=&#8221;col-sm-3 col-lg-2&#8243;][vc_custom_heading text=&#8221;Patner&#8221; use_theme_fonts=&#8221;yes&#8221; el_class=&#8221;bg-title&#8221;][\/vc_column][vc_column width=&#8221;10\/12&#8243; el_class=&#8221;col-sm-9 col-lg-10&#8243;]<div class=\"gallery-carousel\">\n\t <div class=\"owl-carousel owl-theme style-carousel-gallery-4\">\n    \t<div class=\"gallery-item-carousel\">\n\t<div class=\"inner\">\n <img width=\"920\" height=\"417\" src=\"https:\/\/reddeer.vn\/wp-content\/uploads\/2024\/12\/Parter_1-1.jpg\" class=\"attachment-full size-full\" alt=\"\" decoding=\"async\" loading=\"lazy\" srcset=\"https:\/\/reddeer.vn\/wp-content\/uploads\/2024\/12\/Parter_1-1.jpg 920w, https:\/\/reddeer.vn\/wp-content\/uploads\/2024\/12\/Parter_1-1-300x136.jpg 300w, https:\/\/reddeer.vn\/wp-content\/uploads\/2024\/12\/Parter_1-1-768x348.jpg 768w\" sizes=\"(max-width: 920px) 100vw, 920px\" \/><\/div>\n<\/div>\n \t<div class=\"gallery-item-carousel\">\n\t<div class=\"inner\">\n <img width=\"920\" height=\"417\" src=\"https:\/\/reddeer.vn\/wp-content\/uploads\/2024\/12\/Parter_2.jpg\" class=\"attachment-full size-full\" alt=\"\" decoding=\"async\" loading=\"lazy\" srcset=\"https:\/\/reddeer.vn\/wp-content\/uploads\/2024\/12\/Parter_2.jpg 920w, https:\/\/reddeer.vn\/wp-content\/uploads\/2024\/12\/Parter_2-300x136.jpg 300w, https:\/\/reddeer.vn\/wp-content\/uploads\/2024\/12\/Parter_2-768x348.jpg 768w\" sizes=\"(max-width: 920px) 100vw, 920px\" \/><\/div>\n<\/div>\n \t<div class=\"gallery-item-carousel\">\n\t<div class=\"inner\">\n <img width=\"920\" height=\"417\" src=\"https:\/\/reddeer.vn\/wp-content\/uploads\/2024\/12\/Parter_6.jpg\" class=\"attachment-full size-full\" alt=\"\" decoding=\"async\" loading=\"lazy\" srcset=\"https:\/\/reddeer.vn\/wp-content\/uploads\/2024\/12\/Parter_6.jpg 920w, https:\/\/reddeer.vn\/wp-content\/uploads\/2024\/12\/Parter_6-300x136.jpg 300w, https:\/\/reddeer.vn\/wp-content\/uploads\/2024\/12\/Parter_6-768x348.jpg 768w\" sizes=\"(max-width: 920px) 100vw, 920px\" \/><\/div>\n<\/div>\n \t<div class=\"gallery-item-carousel\">\n\t<div class=\"inner\">\n <img width=\"920\" height=\"417\" src=\"https:\/\/reddeer.vn\/wp-content\/uploads\/2024\/12\/Parter_4.jpg\" class=\"attachment-full size-full\" alt=\"\" decoding=\"async\" loading=\"lazy\" srcset=\"https:\/\/reddeer.vn\/wp-content\/uploads\/2024\/12\/Parter_4.jpg 920w, https:\/\/reddeer.vn\/wp-content\/uploads\/2024\/12\/Parter_4-300x136.jpg 300w, https:\/\/reddeer.vn\/wp-content\/uploads\/2024\/12\/Parter_4-768x348.jpg 768w\" sizes=\"(max-width: 920px) 100vw, 920px\" \/><\/div>\n<\/div>\n \t<div class=\"gallery-item-carousel\">\n\t<div class=\"inner\">\n <img width=\"920\" height=\"417\" src=\"https:\/\/reddeer.vn\/wp-content\/uploads\/2024\/12\/Parter_7.jpg\" class=\"attachment-full size-full\" alt=\"\" decoding=\"async\" loading=\"lazy\" srcset=\"https:\/\/reddeer.vn\/wp-content\/uploads\/2024\/12\/Parter_7.jpg 920w, https:\/\/reddeer.vn\/wp-content\/uploads\/2024\/12\/Parter_7-300x136.jpg 300w, https:\/\/reddeer.vn\/wp-content\/uploads\/2024\/12\/Parter_7-768x348.jpg 768w\" sizes=\"(max-width: 920px) 100vw, 920px\" \/><\/div>\n<\/div>\n \t<div class=\"gallery-item-carousel\">\n\t<div class=\"inner\">\n <img width=\"221\" height=\"101\" src=\"https:\/\/reddeer.vn\/wp-content\/uploads\/2025\/12\/Intertek.jpg\" class=\"attachment-full size-full\" alt=\"\" decoding=\"async\" loading=\"lazy\" \/><\/div>\n<\/div>\n \t\t <\/div>\n    <\/div>\n[\/vc_column][\/vc_row]<\/p>\n<\/section>","protected":false},"excerpt":{"rendered":"<p>[vc_row full_width=&#8221;stretch_row_content_no_spaces&#8221; el_class=&#8221;hidden-dots&#8221;][vc_column][\/vc_column][\/vc_row][vc_row css=&#8221;.vc_custom_1695221876746{padding-top: 3vh !important;padding-bottom: 3vh !important;}&#8221;][vc_column][vc_empty_space height=&#8221;35px&#8221;][vc_custom_heading text=&#8221;Red Deer Co., LTD.&#8221; font_container=&#8221;tag:h2|text_align:left|color:%230f74b2&#8243; use_theme_fonts=&#8221;yes&#8221;][vc_empty_space height=&#8221;15px&#8221;][vc_row_inner][vc_column_inner width=&#8221;1\/2&#8243;][vc_column_text el_class=&#8221;text-justify&#8221;]Our company has a long, robust history which began in 1993 when our founder decided to name his small mechanical workshop Red Deer. Since then, we&#8217;ve always retained our founders&#8217; spirit, grit, innovation and perseverance. Over the years,<\/p>\n","protected":false},"author":1,"featured_media":0,"parent":0,"menu_order":0,"comment_status":"closed","ping_status":"open","template":"page-templates\/fullwidthpage.php","meta":{"footnotes":""},"acf":[],"_links":{"self":[{"href":"https:\/\/reddeer.vn\/en\/wp-json\/wp\/v2\/pages\/337"}],"collection":[{"href":"https:\/\/reddeer.vn\/en\/wp-json\/wp\/v2\/pages"}],"about":[{"href":"https:\/\/reddeer.vn\/en\/wp-json\/wp\/v2\/types\/page"}],"author":[{"embeddable":true,"href":"https:\/\/reddeer.vn\/en\/wp-json\/wp\/v2\/users\/1"}],"replies":[{"embeddable":true,"href":"https:\/\/reddeer.vn\/en\/wp-json\/wp\/v2\/comments?post=337"}],"version-history":[{"count":35,"href":"https:\/\/reddeer.vn\/en\/wp-json\/wp\/v2\/pages\/337\/revisions"}],"predecessor-version":[{"id":1198,"href":"https:\/\/reddeer.vn\/en\/wp-json\/wp\/v2\/pages\/337\/revisions\/1198"}],"wp:attachment":[{"href":"https:\/\/reddeer.vn\/en\/wp-json\/wp\/v2\/media?parent=337"}],"curies":[{"name":"wp","href":"https:\/\/api.w.org\/{rel}","templated":true}]}}